{"id":20702,"date":"2025-03-18T11:11:58","date_gmt":"2025-03-18T10:11:58","guid":{"rendered":"https:\/\/nadinewilmanns.com\/?page_id=20702"},"modified":"2025-07-17T14:40:06","modified_gmt":"2025-07-17T12:40:06","slug":"charline-jackson-homepage","status":"publish","type":"page","link":"https:\/\/nadinewilmanns.com\/de\/charline-jackson-homepage","title":{"rendered":"Charline Jackson Film clip &#8211; Home Section"},"content":{"rendered":"<div data-elementor-type=\"wp-page\" data-elementor-id=\"20702\" class=\"elementor elementor-20702\">\n\t\t\t\t\t\t<section class=\"elementor-section elementor-top-section elementor-element elementor-element-764e849 elementor-section-boxed elementor-section-height-default elementor-section-height-default\" data-id=\"764e849\" data-element_type=\"section\" data-e-type=\"section\">\n\t\t\t\t\t\t<div class=\"elementor-container elementor-column-gap-default\">\n\t\t\t\t\t<div class=\"elementor-column elementor-col-100 elementor-top-column elementor-element elementor-element-0c35828\" data-id=\"0c35828\" data-element_type=\"column\" data-e-type=\"column\">\n\t\t\t<div class=\"elementor-widget-wrap elementor-element-populated\">\n\t\t\t\t\t\t<div class=\"elementor-element elementor-element-7eb46ba elementor-align-right elementor-widget elementor-widget-button\" data-id=\"7eb46ba\" data-element_type=\"widget\" data-e-type=\"widget\" data-widget_type=\"button.default\">\n\t\t\t\t<div class=\"elementor-widget-container\">\n\t\t\t\t\t\t\t\t\t<div class=\"elementor-button-wrapper\">\n\t\t\t\t\t<a class=\"elementor-button elementor-button-link elementor-size-sm\" href=\"https:\/\/nadinewilmanns.com\/de\/home\/\">\n\t\t\t\t\t\t<span class=\"elementor-button-content-wrapper\">\n\t\t\t\t\t\t\t\t\t<span class=\"elementor-button-text\">x<\/span>\n\t\t\t\t\t<\/span>\n\t\t\t\t\t<\/a>\n\t\t\t\t<\/div>\n\t\t\t\t\t\t\t\t<\/div>\n\t\t\t\t<\/div>\n\t\t\t\t<div class=\"elementor-element elementor-element-853056d elementor-widget elementor-widget-text-editor\" data-id=\"853056d\" data-element_type=\"widget\" data-e-type=\"widget\" data-widget_type=\"text-editor.default\">\n\t\t\t\t<div class=\"elementor-widget-container\">\n\t\t\t\t\t\t\t\t\t<p>Charline Jackson | Artist | Germany | 2024<\/p>\t\t\t\t\t\t\t\t<\/div>\n\t\t\t\t<\/div>\n\t\t\t\t\t<\/div>\n\t\t<\/div>\n\t\t\t\t\t<\/div>\n\t\t<\/section>\n\t\t\t\t<section class=\"elementor-section elementor-top-section elementor-element elementor-element-7306523 elementor-section-boxed elementor-section-height-default elementor-section-height-default\" data-id=\"7306523\" data-element_type=\"section\" data-e-type=\"section\">\n\t\t\t\t\t\t<div class=\"elementor-container elementor-column-gap-default\">\n\t\t\t\t\t<div class=\"elementor-column elementor-col-100 elementor-top-column elementor-element elementor-element-756e05d\" data-id=\"756e05d\" data-element_type=\"column\" data-e-type=\"column\">\n\t\t\t<div class=\"elementor-widget-wrap elementor-element-populated\">\n\t\t\t\t\t\t<div class=\"elementor-element elementor-element-29b49cd elementor-widget elementor-widget-video\" data-id=\"29b49cd\" data-element_type=\"widget\" data-e-type=\"widget\" data-settings=\"{&quot;video_type&quot;:&quot;hosted&quot;,&quot;controls&quot;:&quot;yes&quot;}\" data-widget_type=\"video.default\">\n\t\t\t\t<div class=\"elementor-widget-container\">\n\t\t\t\t\t\t\t<div class=\"e-hosted-video elementor-wrapper elementor-open-inline\">\n\t\t\t\t\t<video class=\"elementor-video\" src=\"https:\/\/nadinewilmanns.com\/wp-content\/uploads\/2025\/02\/Charly-Portfolio_.mp4\" controls=\"\" preload=\"metadata\" controlslist=\"nodownload\"><\/video>\n\t\t\t\t<\/div>\n\t\t\t\t\t\t<\/div>\n\t\t\t\t<\/div>\n\t\t\t\t\t<\/div>\n\t\t<\/div>\n\t\t\t\t\t<\/div>\n\t\t<\/section>\n\t\t\t\t<section class=\"elementor-section elementor-top-section elementor-element elementor-element-ff51d81 elementor-section-boxed elementor-section-height-default elementor-section-height-default\" data-id=\"ff51d81\" data-element_type=\"section\" data-e-type=\"section\">\n\t\t\t\t\t\t<div class=\"elementor-container elementor-column-gap-default\">\n\t\t\t\t\t<div class=\"elementor-column elementor-col-100 elementor-top-column elementor-element elementor-element-8ee089a\" data-id=\"8ee089a\" data-element_type=\"column\" data-e-type=\"column\">\n\t\t\t<div class=\"elementor-widget-wrap elementor-element-populated\">\n\t\t\t\t\t\t<div class=\"elementor-element elementor-element-cd1a5d9 elementor-align-center elementor-widget elementor-widget-button\" data-id=\"cd1a5d9\" data-element_type=\"widget\" data-e-type=\"widget\" data-widget_type=\"button.default\">\n\t\t\t\t<div class=\"elementor-widget-container\">\n\t\t\t\t\t\t\t\t\t<div class=\"elementor-button-wrapper\">\n\t\t\t\t\t<a class=\"elementor-button elementor-button-link elementor-size-sm\" href=\"https:\/\/nadinewilmanns.com\/de\/contact-form\/\" target=\"_blank\">\n\t\t\t\t\t\t<span class=\"elementor-button-content-wrapper\">\n\t\t\t\t\t\t\t\t\t<span class=\"elementor-button-text\">Kontaktiere Nadine<\/span>\n\t\t\t\t\t<\/span>\n\t\t\t\t\t<\/a>\n\t\t\t\t<\/div>\n\t\t\t\t\t\t\t\t<\/div>\n\t\t\t\t<\/div>\n\t\t\t\t\t<\/div>\n\t\t<\/div>\n\t\t\t\t\t<\/div>\n\t\t<\/section>\n\t\t\t\t<\/div>","protected":false},"excerpt":{"rendered":"<p>x Charline Jackson | Artist | Germany | 2024 https:\/\/nadinewilmanns.com\/wp-content\/uploads\/2025\/02\/Charly-Portfolio_.mp4 Contact Nadine<\/p>","protected":false},"author":2,"featured_media":0,"parent":0,"menu_order":0,"comment_status":"closed","ping_status":"closed","template":"","meta":{"site-sidebar-layout":"no-sidebar","site-content-layout":"","ast-site-content-layout":"full-width-container","site-content-style":"default","site-sidebar-style":"default","ast-global-header-display":"","ast-banner-title-visibility":"","ast-main-header-display":"","ast-hfb-above-header-display":"","ast-hfb-below-header-display":"","ast-hfb-mobile-header-display":"","site-post-title":"disabled","ast-breadcrumbs-content":"","ast-featured-img":"disabled","footer-sml-layout":"","ast-disable-related-posts":"","theme-transparent-header-meta":"","adv-header-id-meta":"","stick-header-meta":"","header-above-stick-meta":"","header-main-stick-meta":"","header-below-stick-meta":"","astra-migrate-meta-layouts":"default","ast-page-background-enabled":"default","ast-page-background-meta":{"desktop":{"background-color":"var(--ast-global-color-5)","background-image":"","background-repeat":"repeat","background-position":"center center","background-size":"auto","background-attachment":"scroll","background-type":"","background-media":"","overlay-type":"","overlay-color":"","overlay-opacity":"","overlay-gradient":""},"tablet":{"background-color":"","background-image":"","background-repeat":"repeat","background-position":"center center","background-size":"auto","background-attachment":"scroll","background-type":"","background-media":"","overlay-type":"","overlay-color":"","overlay-opacity":"","overlay-gradient":""},"mobile":{"background-color":"","background-image":"","background-repeat":"repeat","background-position":"center center","background-size":"auto","background-attachment":"scroll","background-type":"","background-media":"","overlay-type":"","overlay-color":"","overlay-opacity":"","overlay-gradient":""}},"ast-content-background-meta":{"desktop":{"background-color":"var(--ast-global-color-4)","background-image":"","background-repeat":"repeat","background-position":"center center","background-size":"auto","background-attachment":"scroll","background-type":"","background-media":"","overlay-type":"","overlay-color":"","overlay-opacity":"","overlay-gradient":""},"tablet":{"background-color":"var(--ast-global-color-4)","background-image":"","background-repeat":"repeat","background-position":"center center","background-size":"auto","background-attachment":"scroll","background-type":"","background-media":"","overlay-type":"","overlay-color":"","overlay-opacity":"","overlay-gradient":""},"mobile":{"background-color":"var(--ast-global-color-4)","background-image":"","background-repeat":"repeat","background-position":"center center","background-size":"auto","background-attachment":"scroll","background-type":"","background-media":"","overlay-type":"","overlay-color":"","overlay-opacity":"","overlay-gradient":""}},"jetpack_post_was_ever_published":false,"footnotes":""},"folder":[416],"class_list":["post-20702","page","type-page","status-publish","hentry"],"yoast_head":"<!-- This site is optimized with the Yoast SEO plugin v27.3 - https:\/\/yoast.com\/product\/yoast-seo-wordpress\/ -->\n<title>Charline Jackson Film clip - Home Section &#8902; Nadine Wilmanns<\/title>\n<meta name=\"description\" content=\"Small Business Branding Film Clip of artist Charline Jackson by Nadine Wilmanns Lifestyle Photographer and Film Director\" \/>\n<meta name=\"robots\" content=\"index, follow, max-snippet:-1, max-image-preview:large, max-video-preview:-1\" \/>\n<link rel=\"canonical\" href=\"https:\/\/nadinewilmanns.com\/de\/charline-jackson-homepage\/\" \/>\n<meta property=\"og:locale\" content=\"de_DE\" \/>\n<meta property=\"og:type\" content=\"article\" \/>\n<meta property=\"og:title\" content=\"Charline Jackson Film clip - Home Section &#8902; Nadine Wilmanns\" \/>\n<meta property=\"og:description\" content=\"Small Business Branding Film Clip of artist Charline Jackson by Nadine Wilmanns Lifestyle Photographer and Film Director\" \/>\n<meta property=\"og:url\" content=\"https:\/\/nadinewilmanns.com\/de\/charline-jackson-homepage\/\" \/>\n<meta property=\"og:site_name\" content=\"Nadine Wilmanns\" \/>\n<meta property=\"article:modified_time\" content=\"2025-07-17T12:40:06+00:00\" \/>\n<meta name=\"twitter:card\" content=\"summary_large_image\" \/>\n<meta name=\"twitter:site\" content=\"@Nadine_Wilmanns\" \/>\n<meta name=\"twitter:label1\" content=\"Gesch\u00e4tzte Lesezeit\" \/>\n\t<meta name=\"twitter:data1\" content=\"1\u00a0Minute\" \/>\n<script type=\"application\/ld+json\" class=\"yoast-schema-graph\">{\"@context\":\"https:\\\/\\\/schema.org\",\"@graph\":[{\"@type\":\"WebPage\",\"@id\":\"https:\\\/\\\/nadinewilmanns.com\\\/charline-jackson-homepage\",\"url\":\"https:\\\/\\\/nadinewilmanns.com\\\/charline-jackson-homepage\",\"name\":\"Charline Jackson Film clip - Home Section &#8902; Nadine Wilmanns\",\"isPartOf\":{\"@id\":\"https:\\\/\\\/nadinewilmanns.com\\\/#website\"},\"datePublished\":\"2025-03-18T10:11:58+00:00\",\"dateModified\":\"2025-07-17T12:40:06+00:00\",\"description\":\"Small Business Branding Film Clip of artist Charline Jackson by Nadine Wilmanns Lifestyle Photographer and Film Director\",\"breadcrumb\":{\"@id\":\"https:\\\/\\\/nadinewilmanns.com\\\/charline-jackson-homepage#breadcrumb\"},\"inLanguage\":\"de\",\"potentialAction\":[{\"@type\":\"ReadAction\",\"target\":[\"https:\\\/\\\/nadinewilmanns.com\\\/charline-jackson-homepage\"]}]},{\"@type\":\"BreadcrumbList\",\"@id\":\"https:\\\/\\\/nadinewilmanns.com\\\/charline-jackson-homepage#breadcrumb\",\"itemListElement\":[{\"@type\":\"ListItem\",\"position\":1,\"name\":\"Home\",\"item\":\"https:\\\/\\\/nadinewilmanns.com\\\/\"},{\"@type\":\"ListItem\",\"position\":2,\"name\":\"Charline Jackson Film clip &#8211; Home Section\"}]},{\"@type\":\"WebSite\",\"@id\":\"https:\\\/\\\/nadinewilmanns.com\\\/#website\",\"url\":\"https:\\\/\\\/nadinewilmanns.com\\\/\",\"name\":\"Nadine Wilmanns\",\"description\":\"Lifestyle Photographer &amp; Videographer\",\"publisher\":{\"@id\":\"https:\\\/\\\/nadinewilmanns.com\\\/#\\\/schema\\\/person\\\/8232e8d1684a4bdc33a27a76bed4f7e7\"},\"potentialAction\":[{\"@type\":\"SearchAction\",\"target\":{\"@type\":\"EntryPoint\",\"urlTemplate\":\"https:\\\/\\\/nadinewilmanns.com\\\/?s={search_term_string}\"},\"query-input\":{\"@type\":\"PropertyValueSpecification\",\"valueRequired\":true,\"valueName\":\"search_term_string\"}}],\"inLanguage\":\"de\"},{\"@type\":[\"Person\",\"Organization\"],\"@id\":\"https:\\\/\\\/nadinewilmanns.com\\\/#\\\/schema\\\/person\\\/8232e8d1684a4bdc33a27a76bed4f7e7\",\"name\":\"Nadine Wilmanns\",\"image\":{\"@type\":\"ImageObject\",\"inLanguage\":\"de\",\"@id\":\"https:\\\/\\\/i0.wp.com\\\/nadinewilmanns.com\\\/wp-content\\\/uploads\\\/2022\\\/07\\\/Lets-connect.jpg?fit=2245%2C1587&ssl=1\",\"url\":\"https:\\\/\\\/i0.wp.com\\\/nadinewilmanns.com\\\/wp-content\\\/uploads\\\/2022\\\/07\\\/Lets-connect.jpg?fit=2245%2C1587&ssl=1\",\"contentUrl\":\"https:\\\/\\\/i0.wp.com\\\/nadinewilmanns.com\\\/wp-content\\\/uploads\\\/2022\\\/07\\\/Lets-connect.jpg?fit=2245%2C1587&ssl=1\",\"width\":2245,\"height\":1587,\"caption\":\"Nadine Wilmanns\"},\"logo\":{\"@id\":\"https:\\\/\\\/i0.wp.com\\\/nadinewilmanns.com\\\/wp-content\\\/uploads\\\/2022\\\/07\\\/Lets-connect.jpg?fit=2245%2C1587&ssl=1\"},\"sameAs\":[\"http:\\\/\\\/www.nadinewilmanns.com\\\/\",\"https:\\\/\\\/www.instagram.com\\\/nadinewilmanns\",\"https:\\\/\\\/www.linkedin.com\\\/in\\\/nadinewilmanns\"]}]}<\/script>\n<!-- \/ Yoast SEO plugin. -->","yoast_head_json":{"title":"Charline Jackson Film clip - Home Section &#8902; Nadine Wilmanns","description":"Small Business Branding Film Clip of artist Charline Jackson by Nadine Wilmanns Lifestyle Photographer and Film Director","robots":{"index":"index","follow":"follow","max-snippet":"max-snippet:-1","max-image-preview":"max-image-preview:large","max-video-preview":"max-video-preview:-1"},"canonical":"https:\/\/nadinewilmanns.com\/de\/charline-jackson-homepage\/","og_locale":"de_DE","og_type":"article","og_title":"Charline Jackson Film clip - Home Section &#8902; Nadine Wilmanns","og_description":"Small Business Branding Film Clip of artist Charline Jackson by Nadine Wilmanns Lifestyle Photographer and Film Director","og_url":"https:\/\/nadinewilmanns.com\/de\/charline-jackson-homepage\/","og_site_name":"Nadine Wilmanns","article_modified_time":"2025-07-17T12:40:06+00:00","twitter_card":"summary_large_image","twitter_site":"@Nadine_Wilmanns","twitter_misc":{"Gesch\u00e4tzte Lesezeit":"1\u00a0Minute"},"schema":{"@context":"https:\/\/schema.org","@graph":[{"@type":"WebPage","@id":"https:\/\/nadinewilmanns.com\/charline-jackson-homepage","url":"https:\/\/nadinewilmanns.com\/charline-jackson-homepage","name":"Charline Jackson Film clip - Home Section &#8902; Nadine Wilmanns","isPartOf":{"@id":"https:\/\/nadinewilmanns.com\/#website"},"datePublished":"2025-03-18T10:11:58+00:00","dateModified":"2025-07-17T12:40:06+00:00","description":"Small Business Branding Film Clip of artist Charline Jackson by Nadine Wilmanns Lifestyle Photographer and Film Director","breadcrumb":{"@id":"https:\/\/nadinewilmanns.com\/charline-jackson-homepage#breadcrumb"},"inLanguage":"de","potentialAction":[{"@type":"ReadAction","target":["https:\/\/nadinewilmanns.com\/charline-jackson-homepage"]}]},{"@type":"BreadcrumbList","@id":"https:\/\/nadinewilmanns.com\/charline-jackson-homepage#breadcrumb","itemListElement":[{"@type":"ListItem","position":1,"name":"Home","item":"https:\/\/nadinewilmanns.com\/"},{"@type":"ListItem","position":2,"name":"Charline Jackson Film clip &#8211; Home Section"}]},{"@type":"WebSite","@id":"https:\/\/nadinewilmanns.com\/#website","url":"https:\/\/nadinewilmanns.com\/","name":"Nadine Wilmanns","description":"Lifestyle Photographer &amp; Videographer","publisher":{"@id":"https:\/\/nadinewilmanns.com\/#\/schema\/person\/8232e8d1684a4bdc33a27a76bed4f7e7"},"potentialAction":[{"@type":"SearchAction","target":{"@type":"EntryPoint","urlTemplate":"https:\/\/nadinewilmanns.com\/?s={search_term_string}"},"query-input":{"@type":"PropertyValueSpecification","valueRequired":true,"valueName":"search_term_string"}}],"inLanguage":"de"},{"@type":["Person","Organization"],"@id":"https:\/\/nadinewilmanns.com\/#\/schema\/person\/8232e8d1684a4bdc33a27a76bed4f7e7","name":"Nadine Wilmanns","image":{"@type":"ImageObject","inLanguage":"de","@id":"https:\/\/i0.wp.com\/nadinewilmanns.com\/wp-content\/uploads\/2022\/07\/Lets-connect.jpg?fit=2245%2C1587&ssl=1","url":"https:\/\/i0.wp.com\/nadinewilmanns.com\/wp-content\/uploads\/2022\/07\/Lets-connect.jpg?fit=2245%2C1587&ssl=1","contentUrl":"https:\/\/i0.wp.com\/nadinewilmanns.com\/wp-content\/uploads\/2022\/07\/Lets-connect.jpg?fit=2245%2C1587&ssl=1","width":2245,"height":1587,"caption":"Nadine Wilmanns"},"logo":{"@id":"https:\/\/i0.wp.com\/nadinewilmanns.com\/wp-content\/uploads\/2022\/07\/Lets-connect.jpg?fit=2245%2C1587&ssl=1"},"sameAs":["http:\/\/www.nadinewilmanns.com\/","https:\/\/www.instagram.com\/nadinewilmanns","https:\/\/www.linkedin.com\/in\/nadinewilmanns"]}]}},"jetpack_shortlink":"https:\/\/wp.me\/P8EmgI-5nU","jetpack_sharing_enabled":true,"jetpack-related-posts":[{"id":15719,"url":"https:\/\/nadinewilmanns.com\/de\/charline-jackson","url_meta":{"origin":20702,"position":0},"title":"Charline Jackson","author":"Nadine Wilmanns","date":"2025-03-04","format":false,"excerpt":"x Charline Jackson | Digital, Social & Film Campaign https:\/\/nadinewilmanns.com\/wp-content\/uploads\/2025\/02\/Charly-Portfolio_.mp4 Contact Nadine","rel":"","context":"\u00c4hnlicher Beitrag","block_context":{"text":"\u00c4hnlicher Beitrag","link":""},"img":{"alt_text":"","src":"https:\/\/i0.wp.com\/nadinewilmanns.com\/wp-content\/uploads\/2025\/02\/Nadine-Wilmanns_Color-Charles_72dpi-132-1000x1500.jpg?resize=350%2C200&ssl=1","width":350,"height":200,"srcset":"https:\/\/i0.wp.com\/nadinewilmanns.com\/wp-content\/uploads\/2025\/02\/Nadine-Wilmanns_Color-Charles_72dpi-132-1000x1500.jpg?resize=350%2C200&ssl=1 1x, https:\/\/i0.wp.com\/nadinewilmanns.com\/wp-content\/uploads\/2025\/02\/Nadine-Wilmanns_Color-Charles_72dpi-132-1000x1500.jpg?resize=525%2C300&ssl=1 1.5x, https:\/\/i0.wp.com\/nadinewilmanns.com\/wp-content\/uploads\/2025\/02\/Nadine-Wilmanns_Color-Charles_72dpi-132-1000x1500.jpg?resize=700%2C400&ssl=1 2x"},"classes":[]},{"id":18046,"url":"https:\/\/nadinewilmanns.com\/de\/charline-jackson-filmclip","url_meta":{"origin":20702,"position":1},"title":"Charline Jackson Film clip","author":"Nadine Wilmanns","date":"2025-03-08","format":false,"excerpt":"x Charline Jackson | Artist | Germany | 2024https:\/\/nadinewilmanns.com\/wp-content\/uploads\/2025\/02\/Charly-Portfolio_.mp4 Contact Nadine","rel":"","context":"\u00c4hnlicher Beitrag","block_context":{"text":"\u00c4hnlicher Beitrag","link":""},"img":{"alt_text":"","src":"","width":0,"height":0},"classes":[]},{"id":13304,"url":"https:\/\/nadinewilmanns.com\/de\/","url_meta":{"origin":20702,"position":2},"title":"HOME","author":"Nadine Wilmanns","date":"2025-01-17","format":false,"excerpt":"Larry`s | Bar London | 2025 Selby Trust | Charity Event London | 2025 Tigers T\u00fcbingen | Editorial Event T\u00fcbingen | 2025 Nadine Wilmanns. Photographer & Videographer in London and Metzingen. Authentic storytelling photography and video. I\u2019m Nadine Wilmanns, a photographer and videographer working between London and Metzingen, Germany. Through\u2026","rel":"","context":"\u00c4hnlicher Beitrag","block_context":{"text":"\u00c4hnlicher Beitrag","link":""},"img":{"alt_text":"","src":"https:\/\/i0.wp.com\/nadinewilmanns.com\/wp-content\/uploads\/2025\/11\/20250217DTK-Runde-5-e1762639102343.jpg?resize=350%2C200&ssl=1","width":350,"height":200,"srcset":"https:\/\/i0.wp.com\/nadinewilmanns.com\/wp-content\/uploads\/2025\/11\/20250217DTK-Runde-5-e1762639102343.jpg?resize=350%2C200&ssl=1 1x, https:\/\/i0.wp.com\/nadinewilmanns.com\/wp-content\/uploads\/2025\/11\/20250217DTK-Runde-5-e1762639102343.jpg?resize=525%2C300&ssl=1 1.5x, https:\/\/i0.wp.com\/nadinewilmanns.com\/wp-content\/uploads\/2025\/11\/20250217DTK-Runde-5-e1762639102343.jpg?resize=700%2C400&ssl=1 2x, https:\/\/i0.wp.com\/nadinewilmanns.com\/wp-content\/uploads\/2025\/11\/20250217DTK-Runde-5-e1762639102343.jpg?resize=1050%2C600&ssl=1 3x"},"classes":[]},{"id":13420,"url":"https:\/\/nadinewilmanns.com\/de\/lifestyle","url_meta":{"origin":20702,"position":3},"title":"LIFESTYLE","author":"Nadine Wilmanns","date":"2025-01-17","format":false,"excerpt":"Michael Mylonas | Restaurateur Reutlingen | 2023 Christoph Birgel | Business Analysist Metzingen | 2025 NIOvi | Jewellery Designer Germany | 2024 Colibri | Book Store Germany | 2024 Natascha Schlienz | Coach Metzingen | 2024 Marbello Gossip | Fashion Store T\u00fcbingen | 2022 Benz Mode-Caf\u00e9 | Caf\u00e9 & Fashion\u2026","rel":"","context":"\u00c4hnlicher Beitrag","block_context":{"text":"\u00c4hnlicher Beitrag","link":""},"img":{"alt_text":"","src":"https:\/\/i0.wp.com\/nadinewilmanns.com\/wp-content\/uploads\/2025\/03\/C0013_Sub_0200-2.gif?resize=350%2C200&ssl=1","width":350,"height":200,"srcset":"https:\/\/i0.wp.com\/nadinewilmanns.com\/wp-content\/uploads\/2025\/03\/C0013_Sub_0200-2.gif?resize=350%2C200&ssl=1 1x, https:\/\/i0.wp.com\/nadinewilmanns.com\/wp-content\/uploads\/2025\/03\/C0013_Sub_0200-2.gif?resize=525%2C300&ssl=1 1.5x"},"classes":[]},{"id":13439,"url":"https:\/\/nadinewilmanns.com\/de\/portraits","url_meta":{"origin":20702,"position":4},"title":"PORTRAITS","author":"Nadine Wilmanns","date":"2025-01-17","format":false,"excerpt":"Reutlingen University Student Germany | 2024 Claus Goergens | Tiling Specialist Germany | 2025 Maria Nikolai | Bestselling Author Germany | 2023 Sandra Mayer-W\u00f6rner | Technician for Shutters Germany | 2024 Stefanie Riehle | Pole Dance Instructor Germany | 2023 Matthias Gr\u00fcninger | Flooring Specialist Germany | 2025 Valeria Sanfilippo\u2026","rel":"","context":"\u00c4hnlicher Beitrag","block_context":{"text":"\u00c4hnlicher Beitrag","link":""},"img":{"alt_text":"","src":"https:\/\/i0.wp.com\/nadinewilmanns.com\/wp-content\/uploads\/2025\/03\/20240514Texoversum-89-2.jpg?resize=350%2C200&ssl=1","width":350,"height":200,"srcset":"https:\/\/i0.wp.com\/nadinewilmanns.com\/wp-content\/uploads\/2025\/03\/20240514Texoversum-89-2.jpg?resize=350%2C200&ssl=1 1x, https:\/\/i0.wp.com\/nadinewilmanns.com\/wp-content\/uploads\/2025\/03\/20240514Texoversum-89-2.jpg?resize=525%2C300&ssl=1 1.5x, https:\/\/i0.wp.com\/nadinewilmanns.com\/wp-content\/uploads\/2025\/03\/20240514Texoversum-89-2.jpg?resize=700%2C400&ssl=1 2x"},"classes":[]}],"_links":{"self":[{"href":"https:\/\/nadinewilmanns.com\/de\/wp-json\/wp\/v2\/pages\/20702","targetHints":{"allow":["GET"]}}],"collection":[{"href":"https:\/\/nadinewilmanns.com\/de\/wp-json\/wp\/v2\/pages"}],"about":[{"href":"https:\/\/nadinewilmanns.com\/de\/wp-json\/wp\/v2\/types\/page"}],"author":[{"embeddable":true,"href":"https:\/\/nadinewilmanns.com\/de\/wp-json\/wp\/v2\/users\/2"}],"replies":[{"embeddable":true,"href":"https:\/\/nadinewilmanns.com\/de\/wp-json\/wp\/v2\/comments?post=20702"}],"version-history":[{"count":7,"href":"https:\/\/nadinewilmanns.com\/de\/wp-json\/wp\/v2\/pages\/20702\/revisions"}],"predecessor-version":[{"id":23004,"href":"https:\/\/nadinewilmanns.com\/de\/wp-json\/wp\/v2\/pages\/20702\/revisions\/23004"}],"wp:attachment":[{"href":"https:\/\/nadinewilmanns.com\/de\/wp-json\/wp\/v2\/media?parent=20702"}],"wp:term":[{"taxonomy":"folder","embeddable":true,"href":"https:\/\/nadinewilmanns.com\/de\/wp-json\/wp\/v2\/folder?post=20702"}],"curies":[{"name":"wp","href":"https:\/\/api.w.org\/{rel}","templated":true}]}}